{"id":650,"date":"2021-10-26T13:38:37","date_gmt":"2021-10-26T11:38:37","guid":{"rendered":"https:\/\/gravitylabel.com\/pl\/?post_type=product&#038;p=650"},"modified":"2024-01-05T12:07:15","modified_gmt":"2024-01-05T11:07:15","slug":"defence","status":"publish","type":"product","link":"https:\/\/gravitylabel.com\/pl\/product\/defence\/","title":{"rendered":"Defence"},"content":{"rendered":"","protected":false},"excerpt":{"rendered":"<p>Wygodne, rozci\u0105gliwe i wzbudzaj\u0105ce zaufanie ka\u017cdej mi\u0142o\u015bniczki leggins\u00f3w.<\/p>\n","protected":false},"featured_media":1302,"comment_status":"open","ping_status":"closed","template":"","meta":{"inline_featured_image":false},"product_cat":[15,44],"product_tag":[],"acf":[],"_links":{"self":[{"href":"https:\/\/gravitylabel.com\/pl\/wp-json\/wp\/v2\/product\/650"}],"collection":[{"href":"https:\/\/gravitylabel.com\/pl\/wp-json\/wp\/v2\/product"}],"about":[{"href":"https:\/\/gravitylabel.com\/pl\/wp-json\/wp\/v2\/types\/product"}],"replies":[{"embeddable":true,"href":"https:\/\/gravitylabel.com\/pl\/wp-json\/wp\/v2\/comments?post=650"}],"wp:featuredmedia":[{"embeddable":true,"href":"https:\/\/gravitylabel.com\/pl\/wp-json\/wp\/v2\/media\/1302"}],"wp:attachment":[{"href":"https:\/\/gravitylabel.com\/pl\/wp-json\/wp\/v2\/media?parent=650"}],"wp:term":[{"taxonomy":"product_cat","embeddable":true,"href":"https:\/\/gravitylabel.com\/pl\/wp-json\/wp\/v2\/product_cat?post=650"},{"taxonomy":"product_tag","embeddable":true,"href":"https:\/\/gravitylabel.com\/pl\/wp-json\/wp\/v2\/product_tag?post=650"}],"curies":[{"name":"wp","href":"https:\/\/api.w.org\/{rel}","templated":true}]}}