{"id":1166,"date":"2022-06-22T12:54:45","date_gmt":"2022-06-22T10:54:45","guid":{"rendered":"https:\/\/gravitylabel.com\/pl\/?post_type=product&#038;p=1166"},"modified":"2023-10-05T08:27:39","modified_gmt":"2023-10-05T06:27:39","slug":"jungle-bikers","status":"publish","type":"product","link":"https:\/\/gravitylabel.com\/pl\/product\/jungle-bikers\/","title":{"rendered":"Jungle Bikers"},"content":{"rendered":"","protected":false},"excerpt":{"rendered":"<p>Wygodne, rozci\u0105gliwe i wzbudzaj\u0105ce zaufanie ka\u017cdej mi\u0142o\u015bniczki leggins\u00f3w.<\/p>\n","protected":false},"featured_media":1254,"comment_status":"open","ping_status":"closed","template":"","meta":{"inline_featured_image":false},"product_cat":[15,35],"product_tag":[],"acf":[],"_links":{"self":[{"href":"https:\/\/gravitylabel.com\/pl\/wp-json\/wp\/v2\/product\/1166"}],"collection":[{"href":"https:\/\/gravitylabel.com\/pl\/wp-json\/wp\/v2\/product"}],"about":[{"href":"https:\/\/gravitylabel.com\/pl\/wp-json\/wp\/v2\/types\/product"}],"replies":[{"embeddable":true,"href":"https:\/\/gravitylabel.com\/pl\/wp-json\/wp\/v2\/comments?post=1166"}],"wp:featuredmedia":[{"embeddable":true,"href":"https:\/\/gravitylabel.com\/pl\/wp-json\/wp\/v2\/media\/1254"}],"wp:attachment":[{"href":"https:\/\/gravitylabel.com\/pl\/wp-json\/wp\/v2\/media?parent=1166"}],"wp:term":[{"taxonomy":"product_cat","embeddable":true,"href":"https:\/\/gravitylabel.com\/pl\/wp-json\/wp\/v2\/product_cat?post=1166"},{"taxonomy":"product_tag","embeddable":true,"href":"https:\/\/gravitylabel.com\/pl\/wp-json\/wp\/v2\/product_tag?post=1166"}],"curies":[{"name":"wp","href":"https:\/\/api.w.org\/{rel}","templated":true}]}}