{"id":45,"date":"2021-03-11T09:28:00","date_gmt":"2021-03-11T09:28:00","guid":{"rendered":"https:\/\/gravitylabel.com\/pl\/?page_id=45"},"modified":"2021-11-25T08:20:16","modified_gmt":"2021-11-25T07:20:16","slug":"terms-conditions","status":"publish","type":"page","link":"https:\/\/gravitylabel.com\/pl\/terms-conditions\/","title":{"rendered":"Zasady i warunki"},"content":{"rendered":"<p>Witamy na stronie internetowej www.gravitylabel.com\/pl, zarz\u0105dzanej przez sp\u00f3\u0142k\u0119 GM WEB, trade and services d. o. o. (zwan\u0105 dalej: Sp\u00f3\u0142ka).<\/p>\n<p>Celem tego portalu jest informowanie szerszego grona odbiorc\u00f3w o sp\u00f3\u0142ce i jej us\u0142ugach. Prosimy, aby Odwiedzaj\u0105cy nasz\u0105 stron\u0119 internetow\u0105 przestrzegali zapis\u00f3w niniejszego regulaminu. Przegl\u0105daj\u0105c nasz\u0105 stron\u0119 internetow\u0105 i korzystaj\u0105c z niej Odwiedzaj\u0105cy potwierdza, i\u017c niniejszy regulamin zosta\u0142 przez niego przeczytany, zrozumiany, zaakceptowany i przyj\u0119ty w ca\u0142o\u015bci.<\/p>\n<p>W\u0142a\u015bciciel strony internetowej zobowi\u0105zuje si\u0119 do\u0142o\u017cy\u0107 wszelkich stara\u0144, aby zamieszczone na niej dane by\u0142y dok\u0142adne i aktualne. W\u0142a\u015bciciel zastrzega sobie tym samym prawo do zmiany zawarto\u015bci strony internetowej lub zaprzestania jej aktualizowania w ka\u017cdym momencie, bez jakiejkolwiek wcze\u015bniejszej zapowiedzi, i nie bierze na siebie \u017cadnej odpowiedzialno\u015bci za jej ponowne uruchomienie.<\/p>\n<p>Podmiot b\u0119d\u0105cy w\u0142a\u015bcicielem strony mo\u017ce r\u00f3wnie\u017c kiedykolwiek i bez wcze\u015bniejszej zapowiedzi dokonywa\u0107 zmian w us\u0142ugach, towarach, cenach lub programach opisanych na stronie internetowej. Przed wykorzystaniem danych umieszczonych na tym portalu internetowym nale\u017cy skontaktowa\u0107 si\u0119 ze Sp\u00f3\u0142k\u0105 w celu weryfikacji dok\u0142adno\u015bci informacji. Wykorzystanie znaku towarowego w\u0142a\u015bciciela strony internetowej jest dozwolone jedynie po uprzednim uzyskaniu jego zgody. Wszystkie teksty, materia\u0142y wizualne i inne tre\u015bci na tym portalu internetowym zosta\u0142y zebrane i zamieszczone przez w\u0142a\u015bciciela strony. Maj\u0105 one charakter wy\u0142\u0105cznie informacyjny i zosta\u0142y opublikowane w celu zaprezentowania us\u0142ug sp\u00f3\u0142ki GM WEB, trade and services d. o. o.<\/p>\n<p>SKLEP INTERNETOWY GRAVITYLABEL.COM\/PL<br \/>\nRegulamin sklepu internetowego zosta\u0142 opracowany zgodnie z Ustaw\u0105 o ochronie konsument\u00f3w Republiki S\u0142owenii (ZVPot), Ustaw\u0105 o ochronie danych osobowych Republiki S\u0142owenii (ZVOP-1), Og\u00f3lnym rozporz\u0105dzeniem o ochronie danych UE (GDPR) oraz Ustaw\u0105 o komunikacji elektronicznej Republiki S\u0142owenii (ZEKom-1), a tak\u017ce zgodnie z mi\u0119dzynarodowymi przepisami prawnymi dotycz\u0105cymi handlu elektronicznego.<\/p>\n<p>Regulamin okre\u015bla zakres dzia\u0142alno\u015bci sklepu internetowego, prawa oraz obowi\u0105zki U\u017cytkownika oraz sklepu internetowego, a tak\u017ce reguluje stosunki handlowe pomi\u0119dzy sklepem internetowym a Kupuj\u0105cym. Kupuj\u0105cego obowi\u0105zuj\u0105 postanowienia regulaminu, kt\u00f3re s\u0105 wa\u017cne w momencie zakupu (z\u0142o\u017cenia zam\u00f3wienia internetowego). Po z\u0142o\u017ceniu zam\u00f3wienia U\u017cytkownik jest zawsze dodatkowo informowany o postanowieniach regulaminu i sk\u0142adaj\u0105c zam\u00f3wienie potwierdza, \u017ce zapozna\u0142 si\u0119 z nimi.<\/p>\n<p>Dokonywanie zakup\u00f3w w sklepie internetowym Gravitylabel.com\/pl jest mo\u017cliwe po rejestracji. Podczas tego procesu Odwiedzaj\u0105cy otrzymuje nazw\u0119 u\u017cytkownika, kt\u00f3ra jest to\u017csama z jego adresem e-mailowym, a tak\u017ce has\u0142o. Po rejestracji Odwiedzaj\u0105cy staje si\u0119 U\u017cytkownikiem sklepu internetowego.<br \/>\nCENY<br \/>\nWszystkie ceny w sklepie internetowym podane s\u0105 w walucie EUR i zawieraj\u0105 19% VAT. Ceny s\u0105 wa\u017cne w momencie sk\u0142adania zam\u00f3wienia i nie maj\u0105 z g\u00f3ry ustalonej wa\u017cno\u015bci. Oferta jest aktualna do jej odwo\u0142ania. Rabaty i inne promocje zasadniczo nie s\u0105 sumowane.<\/p>\n<p>Pomimo do\u0142o\u017cenia wszelkich stara\u0144, aby dostarczy\u0107 jak najbardziej aktualnych i dok\u0142adnych danych, mo\u017ce si\u0119 okaza\u0107, i\u017c podana zostanie b\u0142\u0119dna informacja o cenie. W takim przypadku lub w sytuacji, kiedy cena produktu zmieni si\u0119 podczas procesowania zam\u00f3wienia, Sp\u00f3\u0142ka umo\u017cliwi Kupuj\u0105cemu odst\u0105pienie od zakupu.<\/p>\n<p>SPOS\u00d3B P\u0141ATNO\u015aCI<br \/>\nSklep internetowy umo\u017cliwia nast\u0119puj\u0105ce formy p\u0142atno\u015bci:<br \/>\n\u2022 P\u0142atno\u015b\u0107 przy odbiorze \u2013 Kupuj\u0105cy p\u0142aci Dostawcy got\u00f3wk\u0105 w momencie dostarczenia zam\u00f3wionego towaru na adres Kupuj\u0105cego.<br \/>\n\u2022 P\u0142atno\u015b\u0107 z g\u00f3ry na konto bankowe Sprzedawcy.<br \/>\n\u2022 P\u0142atno\u015b\u0107 zaliczkowa jest mo\u017cliwa jedynie po wcze\u015bniejszym uzgodnieniu i w przypadku zam\u00f3wie\u0144 nad 200 \u20ac.<\/p>\n<p>DOSTAWA TOWARU i JEJ KOSZTY<br \/>\nKupuj\u0105cy jest zobowi\u0105zany do op\u0142acenia nie tylko ceny zam\u00f3wionych produkt\u00f3w, ale r\u00f3wnie\u017c koszt\u00f3w wysy\u0142ki przy dostarczeniu towaru, z wyj\u0105tkiem zam\u00f3wie\u0144 tych produkt\u00f3w, kt\u00f3re maj\u0105 w opisie adnotacj\u0119: \u201ekoszty wysy\u0142ki wliczone w cen\u0119\u201d lub \u201ebezp\u0142atna dostawa\u201d.<\/p>\n<p>Dostawa na terenie Republiki S\u0142owenii jest realizowana przez firm\u0119 kuriersk\u0105 GLS. Zam\u00f3wione produkty zostan\u0105 dostarczone na adres wysy\u0142ki podany przez Kupuj\u0105cego. W przypadku p\u0142atno\u015bci przy odbiorze zostanie naliczona prowizja za op\u0142acenie uniwersalnego nakazu p\u0142atno\u015bci (UPN) zgodnie z cennikiem Poczty S\u0142owenii (w przypadku p\u0142atno\u015bci z g\u00f3ry Kupuj\u0105cy nie ponosi tego wydatku). Dor\u0119czenie produkt\u00f3w odbywa si\u0119 w wi\u0119kszo\u015bci przypadk\u00f3w w godzinach przedpo\u0142udniowych. Je\u015bli w czasie dor\u0119czenia Kupuj\u0105cy nie mo\u017ce odebra\u0107 przesy\u0142ki, istnieje mo\u017cliwo\u015b\u0107 odebrania jej w p\u00f3\u017aniejszym czasie w najbli\u017cszym oddziale Poczty S\u0142owenii lub w paczkomacie. W przypadku wysy\u0142ki towaru do kraj\u00f3w Unii Europejskiej do wyliczenia prowizji jest wykorzystywany cennik firmy kurierskiej, kt\u00f3rej przekazano przesy\u0142k\u0119. W celu szybszej dostawy lub dostawy poza granice S\u0142owenii nale\u017cy wcze\u015bniej um\u00f3wi\u0107 si\u0119 telefonicznie lub mailowo.<br \/>\nSp\u00f3\u0142ka nie pobiera op\u0142aty za wysy\u0142k\u0119.<\/p>\n<p>ZAM\u00d3WIENIE TOWARU I PROCES ZAKUPU<br \/>\nKupuj\u0105cy mo\u017ce zam\u00f3wi\u0107 produkt telefonicznie, mailowo lub poprzez zakup na stronie internetowej. W przypadku zakupu internetowego Odwiedzaj\u0105cy musi najpierw zarejestrowa\u0107 si\u0119 jako U\u017cytkownik. Po rejestracji U\u017cytkownik mo\u017ce rozpocz\u0105\u0107 proces sk\u0142adania zam\u00f3wienia. Przed potwierdzeniem zam\u00f3wienia Kupuj\u0105cy ma mo\u017cliwo\u015b\u0107 przejrzenia go i poprawienia ilo\u015bci lub rodzaju zamawianych produkt\u00f3w w razie potrzeby. Po potwierdzeniu zakupu Kupuj\u0105cy mo\u017ce poprawi\u0107 te dane, kontaktuj\u0105c si\u0119 mailowo lub telefonicznie ze sp\u00f3\u0142k\u0105 GM WEB, trade and services d. o. o., ale tylko do momentu wys\u0142ania towaru.<\/p>\n<p>Proces zakupu:<br \/>\n1. krok: Kupuj\u0105cy wybiera z oferty sklepu internetowego interesuj\u0105cy go produkt w odpowiedniej ilo\u015bci, a nast\u0119pnie potwierdza sw\u00f3j wyb\u00f3r przyciskiem \u201edodaj do koszyka\u201d. W przypadku zakupu kilku r\u00f3\u017cnych artyku\u0142\u00f3w t\u0119 czynno\u015b\u0107 nale\u017cy powt\u00f3rzy\u0107 przy ka\u017cdym produkcie. Po uko\u0144czeniu wyboru produkt\u00f3w Kupuj\u0105cy mo\u017ce przejrze\u0107 podsumowanie zam\u00f3wienia. Po zweryfikowaniu zawarto\u015bci zam\u00f3wienia Kupuj\u0105cy potwierdza j\u0105 klikni\u0119ciem na przycisk \u201ezako\u0144cz zakupy\u201d. System poprosi o podanie nazwy u\u017cytkownika i has\u0142a lub o rejestracj\u0119. Po wpisaniu wszystkich danych proces zakupu zostanie zako\u0144czony wraz z wyborem sposobu dostawy i p\u0142atno\u015bci, a nast\u0119pnie klikni\u0119ciem na przycisk \u201epotwierd\u017a zam\u00f3wienie\u201d.<br \/>\n2. krok: Po z\u0142o\u017ceniu zam\u00f3wienia Kupuj\u0105cy otrzymuje wiadomo\u015b\u0107 na adres mailowy z potwierdzeniem przyj\u0119cia zam\u00f3wienia. W tym momencie Kupuj\u0105cy ma ponownie mo\u017cliwo\u015b\u0107 przejrzenia zawarto\u015bci zam\u00f3wienia. W przypadku wykrycia b\u0142\u0119du istnieje mo\u017cliwo\u015b\u0107 anulowania zam\u00f3wienia. Kupuj\u0105cy mo\u017ce anulowa\u0107 zam\u00f3wienie mailowo lub telefonicznie do 2 godzin po jego z\u0142o\u017ceniu. W przypadku anulowania za po\u015brednictwem poczty elektronicznej nale\u017cy poda\u0107 nast\u0119puj\u0105ce informacje: w tytule wiadomo\u015bci Anulowanie zam\u00f3wienia, w tre\u015bci: a) nazwa towaru b) imi\u0119 i nazwisko Kupuj\u0105cego i c) adres Kupuj\u0105cego.<br \/>\n3. krok: Je\u015bli Kupuj\u0105cy nie anuluje zam\u00f3wienia, zostaje ono przekazane do realizacji przez Sprzedawc\u0119. Sprzedawca po jego otrzymaniu weryfikuje dost\u0119pno\u015b\u0107 zam\u00f3wionych produkt\u00f3w i potwierdza zam\u00f3wienie lub odrzuca je wraz z podaniem przyczyny. Po potwierdzeniu zam\u00f3wienia Sprzedawca informuje Kupuj\u0105cego mailowo o przewidywanym terminie dor\u0119czenia. Je\u015bli produkt jest dost\u0119pny na magazynie, Sprzedawca w terminie 3 dni roboczych pakuje go w odpowiedni spos\u00f3b i odsy\u0142a na wskazany adres. Razem z zam\u00f3wionym towarem Kupuj\u0105cy otrzyma r\u00f3wnie\u017c faktur\u0119.<\/p>\n<p>Umowa sprzeda\u017cy mi\u0119dzy Oferuj\u0105cym i Kupuj\u0105cym zostaje zawarta w momencie, w kt\u00f3rym Kupuj\u0105cy potwierdzi zam\u00f3wienie (Kupuj\u0105cy otrzyma wiadomo\u015b\u0107 mailow\u0105 o statusie Zam\u00f3wienie potwierdzone). Od tego momentu wszystkie ceny i inne warunki pozostaj\u0105 niezmienne i wi\u0105\u017c\u0105ce zar\u00f3wno dla Oferuj\u0105cego, jak i dla Kupuj\u0105cego. Umowa sprzeda\u017cy w formie elektronicznej zostaje zapisana na serwerze Sp\u00f3\u0142ki.<br \/>\nU\u017cytkownik mo\u017ce anulowa\u0107 rejestracj\u0119 w ka\u017cdym momencie. Mo\u017ce tego dokona\u0107 poprzez pisemne poinformowanie Sprzedawcy o anulowaniu rejestracji. Przed wys\u0142aniem tej informacji U\u017cytkownik jest zobowi\u0105zany do uregulowania wszelkich ewentualnych zobowi\u0105za\u0144 wobec Sprzedawcy.<\/p>\n<p>Ostrze\u017cenia dotycz\u0105ce bezpiecze\u0144stwa podczas u\u017cytkowania wszystkich produkt\u00f3w.<br \/>\nPrzed u\u017cyciem ka\u017cdego produktu nale\u017cy przeczyta\u0107 jego instrukcj\u0119 obs\u0142ugi. Ka\u017cdy towar nale\u017cy przed u\u017cyciem wypr\u00f3bowa\u0107 w bezpieczny spos\u00f3b. Je\u017celi osoba u\u017cytkuj\u0105ca przedmiot nie ma pewno\u015bci, w jaki spos\u00f3b mo\u017ce wypr\u00f3bowa\u0107 produkt, lub ma w\u0105tpliwo\u015bci odno\u015bnie jego bezpiecze\u0144stwa i obawia si\u0119 ewentualnych szk\u00f3d maj\u0105tkowych lub uszczerbku na zdrowiu ludzi, uprasza si\u0119 o nieu\u017cywanie produktu i niezw\u0142oczne poinformowanie o tym fakcie Sprzedawcy, a tak\u017ce o zwrot produktu. Ka\u017cdego produktu u\u017cywa si\u0119 wed\u0142ug w\u0142asnego uznania i na w\u0142asn\u0105 odpowiedzialno\u015b\u0107.<\/p>\n<p>Sp\u00f3\u0142ka dok\u0142ada wszelkich stara\u0144, aby opisy i zdj\u0119cia produkt\u00f3w by\u0142y jak najbardziej szczeg\u00f3\u0142owe i zgodne z prawd\u0105. Pomimo tego nie ma mo\u017cliwo\u015bci zagwarantowania ca\u0142kowitej zgodno\u015bci wszystkich danych i zdj\u0119\u0107 z faktycznym stanem produkt\u00f3w. W przypadku niejasno\u015bci nale\u017cy zweryfikowa\u0107 dok\u0142adno\u015b\u0107 informacji u Sprzedawcy.<\/p>\n<p>PRAWO DO ODST\u0104PIENIA OD UMOWY<br \/>\nW przypadku um\u00f3w zawartych na odleg\u0142o\u015b\u0107 lub poza siedzib\u0105 Sp\u00f3\u0142ki Konsument ma zgodnie z Ustaw\u0105 o ochronie konsument\u00f3w Republiki S\u0142owenii (ZVPot) prawo do poinformowania Sp\u00f3\u0142ki o odst\u0105pieniu od umowy bez podania przyczyny w ci\u0105gu 14 dni. Konsument jest osob\u0105 fizyczn\u0105, kt\u00f3ra otrzymuje lub u\u017cytkuje towar i us\u0142ugi w celach niezwi\u0105zanych z jego dzia\u0142alno\u015bci\u0105 zawodow\u0105 lub gospodarcz\u0105. Mo\u017cliwo\u015b\u0107 odst\u0105pienia od umowy zgodnie z Ustaw\u0105 o ochronie konsument\u00f3w Republiki S\u0142owenii (ZVPot) NIE dotyczy zatem os\u00f3b prawnych.<\/p>\n<p>Kupuj\u0105cy, kt\u00f3ry odst\u0105pi od umowy lub zam\u00f3wienia, jest zobowi\u0105zany do zwrotu nieuszkodzonego towaru w opakowaniu oryginalnym i w niezmienionej ilo\u015bci. Je\u015bli Sprzedawca wykryje uszkodzenie zwr\u00f3conego towaru lub niezgodno\u015b\u0107 zwr\u00f3conej ilo\u015bci z pierwotnym zam\u00f3wieniem, w\u00f3wczas Sprzedawca mo\u017ce odrzuci\u0107 odst\u0105pienie od umowy, a Kupuj\u0105cy jest wtedy zobowi\u0105zany do uregulowania ewentualnych powsta\u0142ych szk\u00f3d.<\/p>\n<p>Kupuj\u0105cy nie posiada prawa do odst\u0105pienia od umowy w nast\u0119puj\u0105cych przypadkach:<br \/>\n\u2022 je\u015bli produkt lub wyposa\u017cenie dodatkowe nie zosta\u0142o zwr\u00f3cone w nieuszkodzonym opakowaniu oryginalnym i w niezmienionej ilo\u015bci;<br \/>\n\u2022 je\u015bli urz\u0105dzenie lub oprogramowanie zawiera dane, zdj\u0119cia lub ustawienia u\u017cytkownika;<br \/>\n\u2022 je\u015bli dosz\u0142o do uszkodzenia lub z\u0142amania plomb zabezpieczaj\u0105cych na produkcie;<br \/>\n\u2022 je\u015bli brakuje instrukcji lub karty gwarancyjnej produktu, a tak\u017ce je\u015bli te dokumenty s\u0105 uszkodzone;<br \/>\n\u2022 przy dostawie produktu, kt\u00f3ry ze wzgl\u0119du na sw\u00f3j charakter jest nieroz\u0142\u0105cznie zmieszany lub scalony z innym przedmiotem;<br \/>\n\u2022 przy zakupie baterii, baterii akumulatorowych, zestaw\u00f3w akumulator\u00f3w, kabli, \u015bwietl\u00f3wek, komponent\u00f3w, je\u015bli zosta\u0142a otwarta plomba zabezpieczaj\u0105ca lub je\u015bli usuni\u0119to oryginalne opakowanie;<br \/>\n\u2022 przy dostawie modeli, kt\u00f3re zosta\u0142y cz\u0119\u015bciowo lub w ca\u0142o\u015bci z\u0142o\u017cone ze strony Konsumenta;<br \/>\n\u2022 przy zakupie towar\u00f3w jednokrotnego u\u017cycia, cz\u0119\u015bci rezerwowych lub zamiennych.<br \/>\nKupuj\u0105cy mo\u017ce przekaza\u0107 Sp\u00f3\u0142ce zawiadomienie o odst\u0105pieniu w jednoznacznym o\u015bwiadczeniu, z kt\u00f3rego wynika, i\u017c Kupuj\u0105cy odst\u0119puje od umowy. O\u015bwiadczenie o odst\u0105pieniu mo\u017cna przekaza\u0107:<br \/>\n\u2022 pisemnie na adres Sp\u00f3\u0142ki;<br \/>\n\u2022 w formie elektronicznej na adres mailowy\u00a0info@gravitylabel.com\u00a0\u2013 w tym przypadku Kupuj\u0105cy otrzyma niezw\u0142ocznie potwierdzenie przyj\u0119cia zawiadomienia o odst\u0105pieniu od umowy;<br \/>\n\u2022 poprzez oznaczenie na ostatniej stronie faktury, i\u017c Kupuj\u0105cy zwraca produkt, a nast\u0119pnie odes\u0142anie faktury wraz z produktem na adres Sp\u00f3\u0142ki.<br \/>\nUznaje si\u0119, i\u017c o\u015bwiadczenie o odst\u0105pieniu podano w nale\u017cytym terminie, je\u015bli zostanie ono wys\u0142ane w okresie przeznaczonym na odst\u0105pienie od umowy. Ci\u0119\u017car dowodu odno\u015bnie korzystania z praw do odst\u0105pienia z tego tytu\u0142u spoczywa na Konsumencie.<\/p>\n<p>Formularz odst\u0105pienia od umowy mo\u017cna znale\u017a\u0107 na stronie internetowej:<br \/>\n<a href=\"http:\/\/www.pisrs.si\/Pis.web\/npbDocPdf?idPredpisa=PRAV11915&amp;type=pdf\">http:\/\/www.pisrs.si\/Pis.web\/npbDocPdf?idPredpisa=PRAV11915&amp;type=pdf<\/a><\/p>\n<p>Je\u015bli Kupuj\u0105cy odebra\u0142 ju\u017c towar i odst\u0119puje od umowy, ma w\u00f3wczas obowi\u0105zek zwrotu towaru w ci\u0105gu 14 dni od zawiadomienia o odst\u0105pieniu od umowy na adres Sp\u00f3\u0142ki. Uznaje si\u0119, \u017ce towar zosta\u0142 zwr\u00f3cony w nale\u017cytym terminie, je\u015bli zostanie on wys\u0142any przed up\u0142yni\u0119ciem 14-dniowego okresu przeznaczonego na zwrot. Towar nale\u017cy zwr\u00f3ci\u0107 w stanie nieuszkodzonym, w niezmienionej ilo\u015bci. Nie ma mo\u017cliwo\u015bci zwrotu towaru w opakowaniu nieoryginalnym lub uszkodzonym. Produkt nale\u017cy zwr\u00f3ci\u0107 w formie paczki pocztowej \u2013 nie w formie listu. Do zwracanego towaru nale\u017cy do\u0142\u0105czy\u0107 kopi\u0119 faktury. Zaleca si\u0119 r\u00f3wnie\u017c wype\u0142nienie formularza zwrotu towaru na ostatniej stronie faktury, aby przyspieszy\u0107 proces odst\u0105pienia od umowy. W przypadku odst\u0105pienia od umowy Kupuj\u0105cy pokrywa koszty zwrotu produktu.<br \/>\nJe\u015bli zam\u00f3wione artyku\u0142y zosta\u0142y ju\u017c op\u0142acone, Kupuj\u0105cy otrzyma zwrot wszystkich p\u0142atno\u015bci zwi\u0105zanych z zam\u00f3wieniem bez zb\u0119dnej zw\u0142oki, najp\u00f3\u017aniej do 14 dni od otrzymania zawiadomienia o odst\u0105pieniu od umowy.<\/p>\n<p>Je\u015bli Kupuj\u0105cy odebra\u0142 ju\u017c towar i odst\u0119puje od umowy, ma w\u00f3wczas obowi\u0105zek zwrotu towaru w ci\u0105gu 14 dni od zawiadomienia o odst\u0105pieniu od umowy. Sp\u00f3\u0142ka wstrzyma w tym przypadku zwrot otrzymanych p\u0142atno\u015bci do momentu otrzymania zwr\u00f3conego towaru lub dop\u00f3ki Kupuj\u0105cy nie przed\u0142o\u017cy dowodu wys\u0142ania towaru z powrotem do Sp\u00f3\u0142ki. Otrzymane p\u0142atno\u015bci zostan\u0105 zwr\u00f3cone tak\u0105 sam\u0105 metod\u0105 p\u0142atno\u015bci, jaka zosta\u0142a wykorzystana podczas zakupu, je\u017celi Kupuj\u0105cy nie zdecyduje si\u0119 na inny spos\u00f3b zwrotu p\u0142atno\u015bci. Najszybszym i naj\u0142atwiejszym sposobem zwrotu pieni\u0119dzy jest wp\u0142ata na konto bankowe (rachunek osobisty). Je\u017celi Kupuj\u0105cy zdecyduje si\u0119 na tak\u0105 metod\u0119 zwrotu, Sp\u00f3\u0142ka poprosi o podanie numeru konta osobistego lub o podanie tego numeru w formularzu zwrotu towaru na ostatniej stronie faktury.<\/p>\n<p>Przed zwr\u00f3ceniem produktu zaleca si\u0119 poinformowa\u0107 Sp\u00f3\u0142k\u0119 mailowo lub telefonicznie, aby mo\u017cna by\u0142o ustali\u0107 najkorzystniejsz\u0105 metod\u0119 zwrotu.<br \/>\nJe\u015bli produkt nie dzia\u0142a prawid\u0142owo lub nie spe\u0142nia oczekiwa\u0144 Kupuj\u0105cego, zaleca si\u0119 kontakt telefoniczny ze wsparciem technicznym Sp\u00f3\u0142ki, kt\u00f3rego pracownicy mog\u0105 udzieli\u0107 potrzebnych wyja\u015bnie\u0144. Dzi\u0119ki temu mo\u017cna unikn\u0105\u0107 ewentualnego niew\u0142a\u015bciwego u\u017cytkowania lub uszkodzenia produktu, a tak\u017ce ewentualnych uszkodze\u0144 innych przedmiot\u00f3w.<\/p>\n<p>W przypadku, w kt\u00f3rym Sp\u00f3\u0142ka wykryje uszkodzenie produkt\u00f3w spowodowane niew\u0142a\u015bciwym u\u017cytkowaniem lub wykorzystaniem niezgodnym z przeznaczeniem, a tak\u017ce uszkodzenie b\u0119d\u0105ce konsekwencj\u0105 czynno\u015bci, kt\u00f3re nie s\u0105 niezb\u0119dne do zweryfikowania charakteru, cech i dzia\u0142ania produktu, reklamacja nie b\u0119dzie mog\u0142a zosta\u0107 uwzgl\u0119dniona. Je\u017celi po odrzuceniu reklamacji Kupuj\u0105cy b\u0119dzie chcia\u0142 ponownie odebra\u0107 produkt, Sp\u00f3\u0142ka prze\u015ble go Kupuj\u0105cemu, naliczaj\u0105c op\u0142aty zwi\u0105zane z jego dostaw\u0105. Istnieje r\u00f3wnie\u017c mo\u017cliwo\u015b\u0107 odbioru osobistego w siedzibie Sp\u00f3\u0142ki.<\/p>\n","protected":false},"excerpt":{"rendered":"<p>Witamy na stronie internetowej www.gravitylabel.com\/pl, zarz\u0105dzanej przez sp\u00f3\u0142k\u0119 GM WEB, trade and services d. o. o. (zwan\u0105 dalej: Sp\u00f3\u0142ka). Celem tego portalu jest informowanie szerszego grona odbiorc\u00f3w o sp\u00f3\u0142ce i jej us\u0142ugach. Prosimy, aby Odwiedzaj\u0105cy nasz\u0105 stron\u0119 internetow\u0105 przestrzegali zapis\u00f3w niniejszego regulaminu. Przegl\u0105daj\u0105c nasz\u0105 stron\u0119 internetow\u0105 i korzystaj\u0105c z niej Odwiedzaj\u0105cy potwierdza, i\u017c niniejszy regulamin &hellip; <a href=\"https:\/\/gravitylabel.com\/pl\/terms-conditions\/\">Continued<\/a><\/p>\n","protected":false},"author":6,"featured_media":0,"parent":0,"menu_order":0,"comment_status":"closed","ping_status":"closed","template":"template-content.blade.php","meta":{"inline_featured_image":false,"footnotes":""},"acf":[],"_links":{"self":[{"href":"https:\/\/gravitylabel.com\/pl\/wp-json\/wp\/v2\/pages\/45"}],"collection":[{"href":"https:\/\/gravitylabel.com\/pl\/wp-json\/wp\/v2\/pages"}],"about":[{"href":"https:\/\/gravitylabel.com\/pl\/wp-json\/wp\/v2\/types\/page"}],"author":[{"embeddable":true,"href":"https:\/\/gravitylabel.com\/pl\/wp-json\/wp\/v2\/users\/6"}],"replies":[{"embeddable":true,"href":"https:\/\/gravitylabel.com\/pl\/wp-json\/wp\/v2\/comments?post=45"}],"version-history":[{"count":9,"href":"https:\/\/gravitylabel.com\/pl\/wp-json\/wp\/v2\/pages\/45\/revisions"}],"predecessor-version":[{"id":424,"href":"https:\/\/gravitylabel.com\/pl\/wp-json\/wp\/v2\/pages\/45\/revisions\/424"}],"wp:attachment":[{"href":"https:\/\/gravitylabel.com\/pl\/wp-json\/wp\/v2\/media?parent=45"}],"curies":[{"name":"wp","href":"https:\/\/api.w.org\/{rel}","templated":true}]}}