{"id":39,"date":"2021-03-11T09:27:33","date_gmt":"2021-03-11T09:27:33","guid":{"rendered":"https:\/\/gravitylabel.com\/pl\/?page_id=39"},"modified":"2021-04-06T14:46:25","modified_gmt":"2021-04-06T12:46:25","slug":"meet-gravity","status":"publish","type":"page","link":"https:\/\/gravitylabel.com\/pl\/meet-gravity\/","title":{"rendered":"Scopri il nostro brand"},"content":{"rendered":"<p><span data-sheets-value=\"{&quot;1&quot;:2,&quot;2&quot;:&quot;La missione di Gravity \u00e8 aiutare le donne a essere chi desiderano essere e a fare ci\u00f2 che sanno fare meglio! Ci stiamo concentrando per offrire alla nostra comunit\u00e0 globale abbigliamento di alta qualit\u00e0 per sport e tempo libero.&quot;}\" data-sheets-userformat=\"{&quot;2&quot;:11135,&quot;3&quot;:{&quot;1&quot;:0},&quot;4&quot;:[null,2,16777215],&quot;5&quot;:{&quot;1&quot;:[{&quot;1&quot;:2,&quot;2&quot;:0,&quot;5&quot;:[null,2,0]},{&quot;1&quot;:0,&quot;2&quot;:0,&quot;3&quot;:3},{&quot;1&quot;:1,&quot;2&quot;:0,&quot;4&quot;:1}]},&quot;6&quot;:{&quot;1&quot;:[{&quot;1&quot;:2,&quot;2&quot;:0,&quot;5&quot;:[null,2,0]},{&quot;1&quot;:0,&quot;2&quot;:0,&quot;3&quot;:3},{&quot;1&quot;:1,&quot;2&quot;:0,&quot;4&quot;:1}]},&quot;7&quot;:{&quot;1&quot;:[{&quot;1&quot;:2,&quot;2&quot;:0,&quot;5&quot;:[null,2,0]},{&quot;1&quot;:0,&quot;2&quot;:0,&quot;3&quot;:3},{&quot;1&quot;:1,&quot;2&quot;:0,&quot;4&quot;:1}]},&quot;8&quot;:{&quot;1&quot;:[{&quot;1&quot;:2,&quot;2&quot;:0,&quot;5&quot;:[null,2,0]},{&quot;1&quot;:0,&quot;2&quot;:0,&quot;3&quot;:3},{&quot;1&quot;:1,&quot;2&quot;:0,&quot;4&quot;:1}]},&quot;9&quot;:0,&quot;11&quot;:4,&quot;12&quot;:0,&quot;14&quot;:[null,2,0],&quot;16&quot;:10}\">La missione di Gravity \u00e8 aiutare le donne a essere chi desiderano essere e a fare ci\u00f2 che sanno fare meglio! Ci stiamo concentrando per offrire alla nostra comunit\u00e0 globale abbigliamento di alta qualit\u00e0 per sport e tempo libero.<\/span><\/p>\n<p><span data-sheets-value=\"{&quot;1&quot;:2,&quot;2&quot;:&quot;Vogliamo permetterti di affrontare le sfide quotidiane sentendoti a tuo agio nel farlo, con Gravity dalla tua parte!&quot;}\" data-sheets-userformat=\"{&quot;2&quot;:11135,&quot;3&quot;:{&quot;1&quot;:0},&quot;4&quot;:[null,2,16777215],&quot;5&quot;:{&quot;1&quot;:[{&quot;1&quot;:2,&quot;2&quot;:0,&quot;5&quot;:[null,2,0]},{&quot;1&quot;:0,&quot;2&quot;:0,&quot;3&quot;:3},{&quot;1&quot;:1,&quot;2&quot;:0,&quot;4&quot;:1}]},&quot;6&quot;:{&quot;1&quot;:[{&quot;1&quot;:2,&quot;2&quot;:0,&quot;5&quot;:[null,2,0]},{&quot;1&quot;:0,&quot;2&quot;:0,&quot;3&quot;:3},{&quot;1&quot;:1,&quot;2&quot;:0,&quot;4&quot;:1}]},&quot;7&quot;:{&quot;1&quot;:[{&quot;1&quot;:2,&quot;2&quot;:0,&quot;5&quot;:[null,2,0]},{&quot;1&quot;:0,&quot;2&quot;:0,&quot;3&quot;:3},{&quot;1&quot;:1,&quot;2&quot;:0,&quot;4&quot;:1}]},&quot;8&quot;:{&quot;1&quot;:[{&quot;1&quot;:2,&quot;2&quot;:0,&quot;5&quot;:[null,2,0]},{&quot;1&quot;:0,&quot;2&quot;:0,&quot;3&quot;:3},{&quot;1&quot;:1,&quot;2&quot;:0,&quot;4&quot;:1}]},&quot;9&quot;:0,&quot;11&quot;:4,&quot;12&quot;:0,&quot;14&quot;:[null,2,0],&quot;16&quot;:10}\">Vogliamo permetterti di affrontare le sfide quotidiane sentendoti a tuo agio nel farlo, con Gravity dalla tua parte!<\/span><\/p>\n","protected":false},"excerpt":{"rendered":"<p>La missione di Gravity \u00e8 aiutare le donne a essere chi desiderano essere e a fare ci\u00f2 che sanno fare meglio! Ci stiamo concentrando per offrire alla nostra comunit\u00e0 globale abbigliamento di alta qualit\u00e0 per sport e tempo libero. Vogliamo permetterti di affrontare le sfide quotidiane sentendoti a tuo agio nel farlo, con Gravity dalla &hellip; <a href=\"https:\/\/gravitylabel.com\/pl\/meet-gravity\/\">Continued<\/a><\/p>\n","protected":false},"author":6,"featured_media":0,"parent":0,"menu_order":0,"comment_status":"closed","ping_status":"closed","template":"template-content.blade.php","meta":{"inline_featured_image":false,"footnotes":""},"acf":[],"_links":{"self":[{"href":"https:\/\/gravitylabel.com\/pl\/wp-json\/wp\/v2\/pages\/39"}],"collection":[{"href":"https:\/\/gravitylabel.com\/pl\/wp-json\/wp\/v2\/pages"}],"about":[{"href":"https:\/\/gravitylabel.com\/pl\/wp-json\/wp\/v2\/types\/page"}],"author":[{"embeddable":true,"href":"https:\/\/gravitylabel.com\/pl\/wp-json\/wp\/v2\/users\/6"}],"replies":[{"embeddable":true,"href":"https:\/\/gravitylabel.com\/pl\/wp-json\/wp\/v2\/comments?post=39"}],"version-history":[{"count":7,"href":"https:\/\/gravitylabel.com\/pl\/wp-json\/wp\/v2\/pages\/39\/revisions"}],"predecessor-version":[{"id":702,"href":"https:\/\/gravitylabel.com\/pl\/wp-json\/wp\/v2\/pages\/39\/revisions\/702"}],"wp:attachment":[{"href":"https:\/\/gravitylabel.com\/pl\/wp-json\/wp\/v2\/media?parent=39"}],"curies":[{"name":"wp","href":"https:\/\/api.w.org\/{rel}","templated":true}]}}