{"id":35,"date":"2021-03-11T09:27:13","date_gmt":"2021-03-11T09:27:13","guid":{"rendered":"https:\/\/gravitylabel.com\/pl\/?page_id=35"},"modified":"2021-04-08T11:48:46","modified_gmt":"2021-04-08T09:48:46","slug":"payment-options","status":"publish","type":"page","link":"https:\/\/gravitylabel.com\/pl\/payment-options\/","title":{"rendered":"Opcje p\u0142atno\u015bci"},"content":{"rendered":"<p>Sklep online umo\u017cliwia nast\u0119puj\u0105ce metody p\u0142atno\u015bci:<\/p>\n<p>\u2022 P\u0142atno\u015b\u0107 za pobraniem &#8211; got\u00f3wk\u0105 lub kart\u0105<\/p>\n<p>\u2022 P\u0142atno\u015b\u0107 kart\u0105 kredytow\u0105 lub PayPal<\/p>\n","protected":false},"excerpt":{"rendered":"<p>Sklep online umo\u017cliwia nast\u0119puj\u0105ce metody p\u0142atno\u015bci: \u2022 P\u0142atno\u015b\u0107 za pobraniem &#8211; got\u00f3wk\u0105 lub kart\u0105 \u2022 P\u0142atno\u015b\u0107 kart\u0105 kredytow\u0105 lub PayPal<\/p>\n","protected":false},"author":6,"featured_media":0,"parent":0,"menu_order":0,"comment_status":"closed","ping_status":"closed","template":"template-content.blade.php","meta":{"inline_featured_image":false,"footnotes":""},"acf":[],"_links":{"self":[{"href":"https:\/\/gravitylabel.com\/pl\/wp-json\/wp\/v2\/pages\/35"}],"collection":[{"href":"https:\/\/gravitylabel.com\/pl\/wp-json\/wp\/v2\/pages"}],"about":[{"href":"https:\/\/gravitylabel.com\/pl\/wp-json\/wp\/v2\/types\/page"}],"author":[{"embeddable":true,"href":"https:\/\/gravitylabel.com\/pl\/wp-json\/wp\/v2\/users\/6"}],"replies":[{"embeddable":true,"href":"https:\/\/gravitylabel.com\/pl\/wp-json\/wp\/v2\/comments?post=35"}],"version-history":[{"count":4,"href":"https:\/\/gravitylabel.com\/pl\/wp-json\/wp\/v2\/pages\/35\/revisions"}],"predecessor-version":[{"id":402,"href":"https:\/\/gravitylabel.com\/pl\/wp-json\/wp\/v2\/pages\/35\/revisions\/402"}],"wp:attachment":[{"href":"https:\/\/gravitylabel.com\/pl\/wp-json\/wp\/v2\/media?parent=35"}],"curies":[{"name":"wp","href":"https:\/\/api.w.org\/{rel}","templated":true}]}}