{"id":32,"date":"2021-03-11T09:27:03","date_gmt":"2021-03-11T09:27:03","guid":{"rendered":"https:\/\/gravitylabel.com\/pl\/?page_id=32"},"modified":"2021-06-24T14:28:21","modified_gmt":"2021-06-24T12:28:21","slug":"delivery-returns","status":"publish","type":"page","link":"https:\/\/gravitylabel.com\/pl\/delivery-returns\/","title":{"rendered":"Dostawa i zwrot"},"content":{"rendered":"<p>Zwrot produktu i wymiana<\/p>\n<p>W ci\u0105gu 14 dni od daty zakupu istnieje mo\u017cliwo\u015b\u0107 zwrotu zakupionych produkt\u00f3w w celu zwrotu pieni\u0119dzy lub ich wymiany na inne. Produkt, kt\u00f3ry chc\u0105 Pa\u0144stwo zwr\u00f3ci\u0107 lub wymieni\u0107, musi by\u0107 w takim stanie, w jakim zosta\u0142 zakupiony:<\/p>\n<p><strong>\u2013<\/strong> Produkt musi znajdowa\u0107 si\u0119 w oryginalnym opakowaniu, kt\u00f3re nie mo\u017ce by\u0107 uszkodzone.<\/p>\n<p><strong>\u2013<\/strong> Produkt musi by\u0107 nieumyty, nienoszony, mie\u0107 wszystkie metki\/oznaczenia. Produkt nie mo\u017ce mie\u0107 plam, w\u0142os\u00f3w oraz \u017cadnych uszkodze\u0144.<\/p>\n<p><strong>\u2013<\/strong> W paczce ze zwracanym produktem musi znajdowa\u0107 si\u0119 wydrukowany i wype\u0142niony formularz, kt\u00f3ry mo\u017cna uzyska\u0107 tutaj:<\/p>\n<p>https:\/\/docs.google.com\/forms\/d\/e\/1FAIpQLSe4jfBJB6CzQ-tD2QiO30VcJe1TNJPubkEBsWa9-lxwt1WdfA\/viewform<\/p>\n<p>W ci\u0105gu 14 dni od otrzymania przesy\u0142ki prosimy o poinformowanie nas, \u017ce odst\u0119puj\u0105 Pa\u0144stwo od umowy (za po\u015brednictwem poczty tradycyjnej lub elektronicznej e-mail) oraz prosimy o zwrot produktu w ci\u0105gu 30 dni na nast\u0119puj\u0105cy adres: GM WEB, trade and services d. o. o., Brodi\u0161\u010de 28, 1236 Trzin, Slovenija.<\/p>\n<p>Koszty wysy\u0142ki ponosi nadawca. Nie przyjmujemy przesy\u0142ek pobraniowych.<\/p>\n<p>W przypadku nieotrzymania odst\u0105pienia od umowy w terminie 14 dni od przekazania przesy\u0142ki, zwrot lub wymiana nie s\u0105 mo\u017cliwe.<\/p>\n<p>W terminie 8 dni roboczych od przyj\u0119cia przez nas zwr\u00f3conej przesy\u0142ki produkt zostanie wymieniony lub zostan\u0105 zwr\u00f3cone pieni\u0105dze.<\/p>\n<p>Reklamacja<\/p>\n<p>Je\u015bli otrzymany produkt nie funkcjonuje prawid\u0142owo, istnieje mo\u017cliwo\u015b\u0107 skorzystania z gwarancji. Na wszystkie urz\u0105dzenia elektroniczne w naszej ofercie oferujemy 24-miesi\u0119czn\u0105 gwarancj\u0119.<\/p>\n<p>Gwarancja nie jest wa\u017cna w przypadku:<\/p>\n<ul>\n<li>uszkodze\u0144 fizycznych<\/li>\n<li>zu\u017cycia spowodowanego u\u017cytkowaniem<\/li>\n<li>wad powsta\u0142ych w wyniku nieprawid\u0142owego, niew\u0142a\u015bciwego i niedba\u0142ego u\u017cytkowania produktu<\/li>\n<\/ul>\n<p>Produkt nale\u017cy zwr\u00f3ci\u0107 w oryginalnym i nieuszkodzonym opakowaniu ze wszystkimi dostarczonymi elementami. W przeciwnym wypadku wniosek reklamacyjny zostanie odrzucony lub rozpatrzony cz\u0119\u015bciowo.<\/p>\n<p>W przypadku reklamacji nale\u017cy odes\u0142a\u0107 produkt pod nasz adres: GM WEB, trade and services d. o. o., Brodi\u0161\u010de 28, 1236 Trzin, Slovenija; E-mail: info@gravitylabel.com<\/p>\n<p>Koszty wysy\u0142ki ponosi nadawca. Nie przyjmujemy przesy\u0142ek pobraniowych.<\/p>\n<p>W terminie 8 dni roboczych od przyj\u0119cia przez nas zwr\u00f3conej przesy\u0142ki reklamacja zostanie rozpatrzona.<\/p>\n<p>&nbsp;<\/p>\n","protected":false},"excerpt":{"rendered":"<p>Zwrot produktu i wymiana W ci\u0105gu 14 dni od daty zakupu istnieje mo\u017cliwo\u015b\u0107 zwrotu zakupionych produkt\u00f3w w celu zwrotu pieni\u0119dzy lub ich wymiany na inne. Produkt, kt\u00f3ry chc\u0105 Pa\u0144stwo zwr\u00f3ci\u0107 lub wymieni\u0107, musi by\u0107 w takim stanie, w jakim zosta\u0142 zakupiony: \u2013 Produkt musi znajdowa\u0107 si\u0119 w oryginalnym opakowaniu, kt\u00f3re nie mo\u017ce by\u0107 uszkodzone. \u2013 &hellip; <a href=\"https:\/\/gravitylabel.com\/pl\/delivery-returns\/\">Continued<\/a><\/p>\n","protected":false},"author":6,"featured_media":0,"parent":0,"menu_order":0,"comment_status":"closed","ping_status":"closed","template":"template-content.blade.php","meta":{"inline_featured_image":false,"footnotes":""},"acf":[],"_links":{"self":[{"href":"https:\/\/gravitylabel.com\/pl\/wp-json\/wp\/v2\/pages\/32"}],"collection":[{"href":"https:\/\/gravitylabel.com\/pl\/wp-json\/wp\/v2\/pages"}],"about":[{"href":"https:\/\/gravitylabel.com\/pl\/wp-json\/wp\/v2\/types\/page"}],"author":[{"embeddable":true,"href":"https:\/\/gravitylabel.com\/pl\/wp-json\/wp\/v2\/users\/6"}],"replies":[{"embeddable":true,"href":"https:\/\/gravitylabel.com\/pl\/wp-json\/wp\/v2\/comments?post=32"}],"version-history":[{"count":8,"href":"https:\/\/gravitylabel.com\/pl\/wp-json\/wp\/v2\/pages\/32\/revisions"}],"predecessor-version":[{"id":426,"href":"https:\/\/gravitylabel.com\/pl\/wp-json\/wp\/v2\/pages\/32\/revisions\/426"}],"wp:attachment":[{"href":"https:\/\/gravitylabel.com\/pl\/wp-json\/wp\/v2\/media?parent=32"}],"curies":[{"name":"wp","href":"https:\/\/api.w.org\/{rel}","templated":true}]}}