{"id":14,"date":"2021-03-11T05:40:41","date_gmt":"2021-03-11T05:40:41","guid":{"rendered":"https:\/\/gravitylabel.com\/pl\/?page_id=14"},"modified":"2021-11-26T14:41:15","modified_gmt":"2021-11-26T13:41:15","slug":"about-us","status":"publish","type":"page","link":"https:\/\/gravitylabel.com\/pl\/about-us\/","title":{"rendered":"O nas"},"content":{"rendered":"<p>Misj\u0105 Gravity jest pomoc kobietom by\u0107 kim tylko chc\u0105 i robi\u0107 to, co robi\u0105 najlepiej! Skupiamy si\u0119 na dostarczaniu naszej globalnej spo\u0142eczno\u015bci najwy\u017cszej jako\u015bci odzie\u017cy sportowej i rekreacyjnej.<\/p>\n<p>Z Gravity u Twojego boku chcemy pom\u00f3c Ci zmierzy\u0107 si\u0119 z codziennymi trudno\u015bciami i czu\u0107 si\u0119 komfortowo!<\/p>\n","protected":false},"excerpt":{"rendered":"<p>Misj\u0105 Gravity jest pomoc kobietom by\u0107 kim tylko chc\u0105 i robi\u0107 to, co robi\u0105 najlepiej! Skupiamy si\u0119 na dostarczaniu naszej globalnej spo\u0142eczno\u015bci najwy\u017cszej jako\u015bci odzie\u017cy sportowej i rekreacyjnej. Z Gravity u Twojego boku chcemy pom\u00f3c Ci zmierzy\u0107 si\u0119 z codziennymi trudno\u015bciami i czu\u0107 si\u0119 komfortowo!<\/p>\n","protected":false},"author":6,"featured_media":0,"parent":0,"menu_order":0,"comment_status":"closed","ping_status":"closed","template":"template-content.blade.php","meta":{"inline_featured_image":false,"footnotes":""},"acf":[],"_links":{"self":[{"href":"https:\/\/gravitylabel.com\/pl\/wp-json\/wp\/v2\/pages\/14"}],"collection":[{"href":"https:\/\/gravitylabel.com\/pl\/wp-json\/wp\/v2\/pages"}],"about":[{"href":"https:\/\/gravitylabel.com\/pl\/wp-json\/wp\/v2\/types\/page"}],"author":[{"embeddable":true,"href":"https:\/\/gravitylabel.com\/pl\/wp-json\/wp\/v2\/users\/6"}],"replies":[{"embeddable":true,"href":"https:\/\/gravitylabel.com\/pl\/wp-json\/wp\/v2\/comments?post=14"}],"version-history":[{"count":7,"href":"https:\/\/gravitylabel.com\/pl\/wp-json\/wp\/v2\/pages\/14\/revisions"}],"predecessor-version":[{"id":709,"href":"https:\/\/gravitylabel.com\/pl\/wp-json\/wp\/v2\/pages\/14\/revisions\/709"}],"wp:attachment":[{"href":"https:\/\/gravitylabel.com\/pl\/wp-json\/wp\/v2\/media?parent=14"}],"curies":[{"name":"wp","href":"https:\/\/api.w.org\/{rel}","templated":true}]}}